{"id":3613,"date":"2018-04-21T10:49:00","date_gmt":"2018-04-21T10:49:00","guid":{"rendered":"http:\/\/roma-ovt.ro\/?page_id=3613"},"modified":"2018-04-26T12:29:35","modified_gmt":"2018-04-26T12:29:35","slug":"bibliografie","status":"publish","type":"page","link":"https:\/\/roma-ovt.ro\/en\/bibliografie\/","title":{"rendered":"Bibliography"},"content":{"rendered":"<p>About, Ilsen, Mathieu Pernot et Ad\u00e8le Sutre, <em>Mondes tsiganes: une histoire photographique 1860-1980<\/em> (Paris: Actes Sud, 2018).<\/p>\n<p>Abraham Dorel, B\u0103descu, Ilie, Chelcea, Septimiu,\u00a0<em>Interethnic Relations in Romania: Sociological Diagnosis and Evaluation of Tendencies,\u00a0<\/em>Editura Carpatica, Cluj-Napoca, 1995.<\/p>\n<p>Achim, Venera, Tomi, Raluca, (ed.), <em>Documente de arhiv\u0103 privind robia \u021biganilor Epoca dezrobirii<\/em> [Archival documents regarding the Roma slavery. The emancipation era], Editura Academiei Rom\u00e2ne, Bucure\u0219ti, 2010.<\/p>\n<p>Achim, Venera, &#8220;Statistica \u0163iganilor \u00een Principatele Rom\u00e2ne \u00een perioada 1830-1860&#8221; [The statistics of Gypsies in the Romanian Principalities between 1830 and 1860], in <em>Revista Istoric\u0103<\/em>, S.N., 2005, XIV (5-6):97-122.<\/p>\n<p>Achim, Venera, &#8220;Voyageurs \u00e9trangers de la premi\u00e8re moiti\u00e9 du XIX\u00e8me si\u00e8cle. Relations sur les Tziganes des Principaut\u00e9s Roumaines&#8221;, in <em>Vers l\u2019Orient europ\u00e9en: voyages et images<\/em>, Bucure\u015fti, 2009, p. 179\u201396.<\/p>\n<p>Achim, Viorel, (ed.), <em>Documente privind deportarea \u021biganilor \u00een Transnistria<\/em> [Documents regarding the deportation of the Gypsies in Transnistria], Vol. I, Editura Enciclopedic\u0103, Bucure\u0219ti, 2004.<\/p>\n<p>Achim, Viorel, (ed.), &#8220;Identity Projects and Processes in the Romanian Space, 19th-20th Centuries&#8221;,\u00a0 <em>Transylvanian Review<\/em>, Vol. XIX, Supplement No. 4, Cluj-Napoca: Romanian Academy, Center for Transylvanian Studies, 2010.<\/p>\n<p>Achim, Viorel, &#8220;\u00cencercarea romilor din Rom\u00e2nia de a ob\u021bine statutul de na\u021bionalitate conlocuitoare (1948-1949)&#8221;, in <em>Revista Istoric\u0103<\/em>, Tom XXI, Nr. 5-6, sept.-dec. 2010, p. 449-65.<\/p>\n<p>Achim, Viorel,\u00a0<em>The Roma in Romanian History<\/em>, CEU Press, 2004.<\/p>\n<p>Achim, Viorel, Iordachi, Constantin, (ed.), <em>Rom\u00e2nia \u0219i Transnistria: Problema Holocaustului<\/em> [Romania and Transnistria: The Problem of Holocaust], Curtea Veche, Bucure\u0219ti, 2004.<\/p>\n<p>Amic, Sylvain (dir.), <em>Boh\u00e8mes. De L\u00e9onard de Vinci \u00e0 Picasso<\/em> (Paris, R\u00e9union des Mus\u00e9es Nationaux 2012)<\/p>\n<p>An\u0103st\u0103soaie, Viorel-Marian,\u00a0&#8220;Roma\/Gypsies in the history of Romania: an old challenge for Romanian historiography&#8221;, <em>Romanian Journal of Society and Politics<\/em> 3\/2003. (1) 262\u2013274.<\/p>\n<p>An\u0103st\u0103soaie, Marian Viorel,\u00a0Foszt\u00f3,\u00a0L\u00e1szl\u00f3,\u00a0&#8220;Romania: representations, public policies and political projects&#8221;, in Guy Will,\u00a0<em>Between Past and Future: The Roma of Central and Eastern Europe<\/em>,\u00a0University of Hertfordshire Press, 2001.<\/p>\n<p>Anastasoaie, Marian Viorel, Tarnovschi, Daniela,\u00a0<em>Proiecte pentru romii din Rom\u00e2nia, 1990\u20132000<\/em> [Projects for the Roma in Romania]. Funda\u0163ia CRDE, Cluj-Napoca, 2001.<\/p>\n<p>Asavei, Alina, \u201cPerformative approaches to identity in Contemporary Roma Art\u201d, <em>Art Margins <\/em>(2013) http:\/\/www.artmargins.com\/index.php\/2-articles\/727-performative-approaches-to-identity-in-contemporary-roma-art<\/p>\n<p>Asavei, Alina, \u201c\u2019Call the witness\u2019: Romani Holocaust related art in Austria and Marika Schmiedt\u2019s will to memory\u201d, <em>Memory Studies<\/em> (2017) DOI: 10.1177\/1750698017741929<\/p>\n<p>Barany,\u00a0Zolt\u00e1n,\u00a0<em>The East European Gypsies. Regime Change, Marginality and Ethnopolitics<\/em>, Cambridge University Press, 2002.<\/p>\n<p>Beck, Sam,\u00a0&#8220;The Origins of Gypsy Slavery in Romania&#8221;, in <em>Dialectical Anthropology<\/em> 14\/1989, 53\u201361.<\/p>\n<p>Beissinger,\u00a0Margaret H.,\u00a0<em>The Art of the L\u0103utar: The Epic Tradition of Romania<\/em>, Garland Publishing, New York\u2013London, 1991.<\/p>\n<p>Bobu,\u00a0Nicolae,\u00a0<em>Cutuma justi\u0163iar\u0103. Judecata de pace la romi<\/em> [Book about Rroms: Common law \u2013 A legal peace process.], Centrul de Resurse pentru Comunit\u0103\u0163ile de Romi, Cluj-Napoca, 2000.<\/p>\n<p>Burtea, Vasile,\u00a0&#8220;Neamuri de romi \u015fi modul lor de via\u0163a&#8221; [Roma communities and their way of life], in <em>Sociologie Rom\u00e2neasc\u0103<\/em> 2\u20133\/1994, 257\u201374.<\/p>\n<p>Burtea, Vasile,\u00a0&#8220;Rromi \u2013 o nou\u0103 minoritate na\u0163ional\u0103 sau o etnie european\u0103?&#8221; [Roma &#8211; a new national minority or an European ethnicity], in <em>Revista de Cercet\u0103ri Sociale<\/em> 3\u20134\/1998.<\/p>\n<p>Cace, Sorin,\u00a0<em>Cercet\u0103ri cu privire la minoritatea rrom\u0103<\/em> [Researches regarding the Roma minority], Editura Expert, Bucure\u015fti, 2001.<\/p>\n<p>Chelcea,\u00a0Ion, <em>Rudarii. Contribu\u0163ie la o enigm\u0103 etnografic\u0103<\/em> [The Miners. Contribution to a ethnografical enigma], Casa \u015ecoalelor, Bucure\u015fti, 1944.<\/p>\n<p>Chelcea, Ion,\u00a0<em>\u0162iganii din Rom\u00e2nia. Monografie etnografic\u0103<\/em> [Gypsies in Romania. Historical Monography], Imprimeria Institutului Statistic, Bucure\u0219ti, 1944.<\/p>\n<p>Crowe, David, &#8220;The Gypsy Historical Experience in Romania&#8221; [Experien\u021ba istoric\u0103 a romilor \u00een Rom\u00e2nia], in <em>The Gypsies of Eastern Europe,\u00a0<\/em>D. Crowe, J. Kolsti, (eds.), New York: M. E. Sharpe, 1991.<\/p>\n<p>Crowe, David,\u00a0&#8220;The Gypsies of Romania since 1990&#8221;, in <em>Nationalities Papers<\/em> 27(1)\/1999, 57\u201367.<\/p>\n<p>Djuvara, Neagu,\u00a0<em>\u00centre Orient \u0219i Occident. \u021a\u0103rile rom\u00e2ne la \u00eenceputul epocii moderne (1800-1848)<\/em> [Between Orient and Occident. Romanian principalities at the beginning of modern era (1800-1848)], traducere de Maria Carpov, Humanitas, Bucure\u0219ti, 2009.<\/p>\n<p>Duminic\u0103, Gelu,\u00a0&#8220;Rom-\u021bigan. Istorie, probitate \u0219i proprietatea terminologic\u0103&#8221; [Roma-Gypsy. History, probity and terminological property], in Istv\u00e1n Horv\u00e1th, Lucian Nastas\u0103, <em>Rom sau \u021bigan. Dilemele unui etnonim \u00een spa\u021biul rom\u00e2nesc<\/em>, Institutul pentru Studierea Problemelor Minorit\u0103\u0163ilor Na\u0163ionale, Cluj-Napoca, 2012, p. 253-269.<\/p>\n<p>Emerit, Marcel, &#8220;Sur la condition des esclaves dans l\u2019ancienne Roumanie&#8221;, in <em>Revue historique du Sud-Est europ\u00e9en<\/em>, VII, 1930, nr. 7\u20139, p. 129\u201333.<\/p>\n<p>Engebrigsten, Ada,\u00a0<em>Exploring Gypsiness: Power, Exchange and Interdependence in a Transylvanian Village,<\/em>\u00a0Berghahn Books, Oxford\u2013<br \/>\nNew York, 2007.<\/p>\n<p>Fleck,\u00a0G\u00e1bor,\u00a0Szuhay,\u00a0P\u00e9ter, <em>Cu un pas mai aproape.\u00a0Altfel de imagini despre romi din Rom\u00e2nia<\/em> [One step closer. Other images about the Roma in Romania],\u00a0Institutul pentru Studierea Problemelor Minorit\u0103\u0163ilor Na\u0163ionale, Cluj-Napoca, 2008.<\/p>\n<p>Fonseca, Isabel,\u00a0<em>\u00cengropa\u0163i-m\u0103 \u00een picioare<\/em> [Bury me standing: The Gypsies and their Journey],\u00a0Editura Dacia, Cluj-Napoca, 2001.<\/p>\n<p>Foszt\u00f3,\u00a0L\u00e1szl\u00f3,\u00a0<em>Bibliografie cu studiile \u015fi reprezent\u0103rile despre romii din Rom\u00e2nia \u2013 cu accentul pe perioada 1990\u20132007<\/em> [Bibliography with the studies and presentations about the Roma in Romania &#8211; with a focus on the period 1990-2007],\u00a0Institutul pentru Studierea Problemelor Minorit\u0103\u0163ilor Na\u0163ionale, Kriterion, Cluj-Napoca, 2008.<\/p>\n<p>Foszt\u00f3,\u00a0L\u00e1szl\u00f3,\u00a0<em>Colec\u0163ie de studii despre romii din Rom\u00e2nia<\/em> [Collection of studies about the Roma in Romania],\u00a0Institutul pentru Studierea Problemelor Minorit\u0103\u0163ilor Na\u0163ionale, Kriterion, Cluj-Napoca, 2009.<\/p>\n<p>Foszt\u00f3,\u00a0L\u00e1szl\u00f3,\u00a0Toma, Stef\u00e1nia,\u00a0Spectrum. Cercet\u0103ri sociale despre romi [<em>Spectrum. Social researchers about Roma<\/em>],\u00a0Institutul pentru Studierea Problemelor Minorit\u0103\u0163ilor Na\u0163ionale,\u00a0Kriterion, Cluj-Napoca, 2010.<\/p>\n<p>Fraser, Angus,\u00a0<em>\u021aiganii. Originile, migra\u021bia \u0219i prezen\u021ba lor \u00een Europa <\/em>[The Gypsies. The origins, migration and their presence in Europe], traducere de Dan \u0218erban Sava, Humanitas, Bucure\u0219ti, 2017.<\/p>\n<p>Gheorghe, Nicolae, &#8220;Origin of Roma\u2019s Slavery in the Romanian Principalities&#8221; [Originile robiei romilor \u00een Principatele Rom\u00e2ne], in <em>Roma<\/em>, No. 7, 1983.<\/p>\n<p>Grigore, Delia, Sar\u0103u, Gheorghe,\u00a0<em>Istorie \u0219i tradi\u021bii rome <\/em>[Roma History and Traditions], Salva\u021bi Copiii Rom\u00e2nia, f.a.<\/p>\n<p>Hancock, Ian,\u00a0<em>We are the Romani people<\/em>, University of Hertfordshire Press, Hatfield, 2002.<\/p>\n<p>Ioanid,\u00a0Radu, <em>The Holocaust in Romania. The Destruction of Jews and Gypsies Under the Antonescu Regime. 1940\u20131944<\/em>, Ivan R. Dee, Chicago, 2000.<\/p>\n<p>Ionescu, Vasile,\u00a0(ed.),\u00a0<em>Deportarea romilor \u00een Transnistria. De la Auschwitz la Bug<\/em> [The deportation of Roma in Transnistria. From Auschwitz to Bug], Editura Centrului rromilor pentru politici publice &#8220;Aven Amentza&#8221;, Bucure\u015fti, 2000.<\/p>\n<p>Ionescu, Vasile, (ed.),\u00a0<em>Robia \u0163iganilor \u00een \u0162\u0103rile Rom\u00e2ne. Moldova. Rromii din Rom\u00e2nia \u2013 Studii \u015fi documente istorice<\/em> [The slavery of Gypsies in the Romanian Principalities. Moldavia. Roma in Romania &#8211; Studies and historical documents], Editura Centrului rromilor pentru politici publice &#8220;Aven Amentza\u201d, Bucure\u015fti, 2000.<\/p>\n<p>Ionescu, Vasile,\u00a0(ed.),\u00a0<em>Robia rromilor \u00een T\u0103rile Rom\u00e2ne: \u0162ara Rom\u00e2neasc\u0103<\/em> [The slavery of Roma in Romania: Wallachia], Editura Centrului rromilor pentru politici publice &#8220;Aven Amentza\u201d, Bucure\u015fti, 2001.<\/p>\n<p>Kenrick, Donald, (ed.),\u00a0<em>In the shadow of the Swastika. The Gypsies during the Second World War &#8211; 2<\/em>, Interface Collection vol. 13.<br \/>\nUniversity of Hertfordshire Press, Hatfield, 1999.<\/p>\n<p>Kog\u0103lniceanu, Mihail,\u00a0<em>Dezrobirea \u0163iganilor. Stergerea privilegiilor boiere\u015fti. Emanciparea T\u0103ranilor<\/em> [The emancipation of Gypsies. Eliminating the boyar privileges. Emancipation of peasants], discurs rostit \u00een Academia Rom\u00e2n\u0103, Bucure\u015fti, 1891.<\/p>\n<p>Kog\u0103lniceanu, Mihail, <em>Esquisse sur l\u2019histoire, les moeurs et la langue des Cigains, connus en France sou le nom de Boh\u00e9mians,<\/em>\u00a0Berlin, 1837, in <em>Opere<\/em> 1, II ed., Editura Academiei RSR, Bucure\u0219ti, 1946.<\/p>\n<p>Lecca, Octav Gh.,\u00a0<em>Istoria \u0163iganilor<\/em> [The History of the Gypsies], Caransebe\u015f, 1898.<\/p>\n<p>Li\u00e9geois, Jean-Pierre,\u00a0<em>Gypsies: An Illustrated History,\u00a0<\/em>Al Saqi Books, London,\u00a01986.<\/p>\n<p>Marin, Manuela, (ed.), <em>Romii \u0219i regimul comunist din Rom\u00e2nia. Marginalizare, integrare \u0219i opozi\u021bie<\/em> [Roma and the communist regime in Romania. Marginalization, integration and opposition], Vol. 1 &amp; 2, Editura Mega, Cluj&#8211;Napoca, 2017.<\/p>\n<p>Matei, Petre,\u00a0<em>Deportarea rromilor \u00een Transnistria. Documente de arhiv\u0103<\/em> [The deportation of Roma in Transnistria. Archival documents], Editura Centrului rromilor pentru politici publice &#8220;Aven Amentza\u201d, Bucure\u015fti, 2001.<\/p>\n<p>Matei, Petre-Georgian,\u00a0<em>\u021aiganii \u00een spa\u021biul rom\u00e2nesc \u00een prima jum\u0103tate a secolului al XX-lea: identitate \u0219i alteritate<\/em> [The Gypsy in the Romanian space in the first half of the XX century: identity and alterity], tez\u0103 de doctorat, Facultatea de Istorie &#8211; Universitatea din Bucure\u0219ti, 2010.<\/p>\n<p>Matras, Yaron,\u00a0\u00a0<em>Romani: A Linguistic Introduction<\/em>, Cambridge University Press, Cambridge, 2002.<\/p>\n<p>Merfea, Mihai,\u00a0<em>Cultur\u0103 \u015fi civiliza\u0163ie romani<\/em> [Roma culture and civilization], Editura Didactic\u0103 \u015fi Pedagogic\u0103 R.A., Bucure\u015fti, 1998.<\/p>\n<p>Merfea, Mihai,\u00a0<em>\u0162iganii: Integrarea social\u0103 a romilor<\/em> [The Gypsies: Social integration of the Roma], Editura \u201eB\u00e2rsa\u201d, Bra\u015fov, 1991.<\/p>\n<p>Moussa, Sarga (dir). <em>Le mythe des boh\u00e9miens dans la litt\u00e9rature et les arts en Europe<\/em> (Paris\u00a0: L\u2019Harmattan, 2008).<\/p>\n<p>N\u0103stas\u0103, Lucian, Varga, Andrea, <em>Minorit\u0103\u021bi etnoculturale. M\u0103rturii documentare. \u021aiganii din Rom\u00e2nia (1919-1944)<\/em> [Ethnocultural minorities. Documentary testimonies. Gypsies in Romania (1919-1944)], Centrul de Resurse pentru Diversitate Etnocultural\u0103, Cluj-Napoca, 2001.<\/p>\n<p>N\u0103stas\u0103-Matei, Irina, Livad\u0103-Cadeschi, Ligia, Dr\u0103ghia, Dan, Iancu, Alexandra, Preda, Caterina,\u00a0<em>Romii din Rom\u00e2nia: identitate \u0219i alteritate\u00a0<\/em>[Roma in Romania: History and Alterity], Textbook, 2016.<\/p>\n<p>Panaitescu, I.C.,\u00a0<em>Robii. Aspecte \u0163iganesti. Originea, viata, ocupatiunile, obiceiurile, datinile, moravurile si desrobirea lor<\/em> [The Slaves. Gypsy layouts. Their origin, life, occupations, customs, traditions, manners and emancipation], Bucure\u015fti: Tipografiile Rom\u00e2niei Unite, Bucure\u0219ti, 1928.<\/p>\n<p>Pons, Emmanuelle,\u00a0<em>\u021aiganii din Rom\u00e2nia: o minoritate \u00een tranzi\u021bie<\/em> [The Gypsies from Romania: a minority in tranzition], Editura Compania, Bucure\u0219ti, 1999.<\/p>\n<p>Popp \u0218erboianu, Calinic I.,\u00a0<em>Les Tsigans. Histoire, ethnographie, linguistique, grammaire, dictionnaire<\/em>, Paris, 1930.<\/p>\n<p>Potra, George,\u00a0<em>Contribu\u0163iuni la istoricul \u0162iganilor din Rom\u00e2nia<\/em> [Contributions on the history of Gypsies in Romania], M.O. Imprimeria Na\u0163ional\u0103, Bucure\u0219ti, 1939. 2002 edition by Mihai Dasc\u0103lu.<\/p>\n<p>Preda, Marian,\u00a0Zamfir, C\u0103t\u0103lin, (ed.), <em>Romii in Rom\u00e2nia<\/em> [Roma in Romania], Editura Expert, Bucure\u015fti, 2002.<\/p>\n<p><em>Raport final. Comisia interna\u021bional\u0103 pentru studierea Holocaustului \u00een Rom\u00e2nia<\/em> [Final report. The International Commission for the study of Holocaust in Romania], Polirom, Ia\u0219i, 2004.<\/p>\n<p>Remmel,\u00a0Frantz, <em>Die Roma Rumaniens: Volk ohne Hinterland<\/em> [The Roma of Romania: people without a country], Picus Verlag, Vienna, 1993.<\/p>\n<p>Ries, Johannes,\u00a0<em>Welten Wanderer. \u00dcber die kulturelle Sover\u00e4nit\u00e4t siebenb\u00fcrgischer Zigeuner und den Einfluss des Pfingstchristentums<\/em> [Worlds Wanderer. On the cultural sovereignty of Transylvanian Gypsies and the influence of the Pentecostal Christianity],\u00a0Ergon Verlang, W\u00fcrzburg, 2007.<\/p>\n<p>Sandu, Mariana,\u00a0<em>Romii din Rom\u00e2nia \u2013 Repere din istorie\u00a0<\/em>[Roma in Romania &#8211; Benchmarks from History], Centrul Romilor pentru Interven\u021bie Social\u0103 \u0219i Studii, Editura Vanemonde, 2005.<\/p>\n<p>Scurtulescu, Th. Boris,\u00a0<em>Literatura juridico-economic\u0103 a \u0163iganilor din Principatele Rom\u00e2ne<\/em> [The economic and legal literature of the Gypsies in the Romanian Principalities], tez\u0103 de doctorat, Ia\u015fi, 1938.<\/p>\n<p>Stoichi\u021b\u0103, Victor Ieronim,\u00a0<em>Imaginea Celuilalt. Negri, evrei, musulmani \u0219i \u021bigani \u00een arta occidental\u0103 \u00een zorii epocii moderne 1453-1800<\/em> [The Image of the Other. Blacks, Jews, Muslims and Gypsies in the Western art in the dawn of modern era 1453-1800], Humanitas, Bucure\u0219ti, 2017.<\/p>\n<p>Tomi,\u00a0Raluca, \u201cAboli\u0163ionismul rom\u00e2nesc la 1848. Influen\u0163e, tr\u0103s\u0103turi\u201d [Romanian abolitionism at 1848. Influences, features], in <em>Revista Istoric\u0103<\/em>, S.N., XX (2009), 1-2, p. 47-61.<\/p>\n<p>Tomi,\u00a0Raluca, \u201cMi\u015fcarea aboli\u0163ionist\u0103 din principate \u015fi impactul ei asupra legisla\u0163iei de dezrobire (1849-1856)\u201d [The abolitionist movement in the Principalities and its impact on the emancipation laws (1848-1856)], in\u00a0<i>Revista Istoric\u0103<\/i>, S.N., XXI (2010), 1-2, p. 57-71.<\/p>\n<p>Tong, Diane, (ed.),\u00a0<em>Gypsies: A Multidisciplinary Annotated Bibliography,\u00a0<\/em>Garland, New York, 1995.<\/p>\n<p>Vaillant, J.A.,\u00a0<em>Les R\u00f4ms. Histoire vraie des vrais Boh\u00e9miens<\/em>, Paris, 1857.<\/p>\n<p>Wlislocki,\u00a0Heinrich von,\u00a0<em>Despre poporul nomad al rromilor. Imagini din viata rromilor din Transilvania<\/em> [About the nomadic people of Roma. Images from the life of Roma in Transylvania]. Editura Atlas, Bucure\u015fti, 2000.<\/p>\n<p>Zamfir, C\u0103t\u0103lin, Zamfir, Elena,\u00a0<em>\u0162iganii \u00eentre ignorare si \u00eengrijorare<\/em> [Gypsies, between ignorance and concern], Editura Alternative, Bucure\u015fti, 1993.<\/p>\n<p>Z\u0103loag\u0103, Marian,\u00a0<em>Romii \u00een cultura s\u0103seasc\u0103 \u00een secolele al XVIII-lea \u0219i al XIX-lea<\/em> [The Roma in the Saxon culture from the 18th and 19th centuries], Institutul pentru Studierea Problemelor Minorit\u0103\u021bilor Na\u021bionale, Cluj-Napoca, 2015.<\/p>\n","protected":false},"excerpt":{"rendered":"<p>About, Ilsen, Mathieu Pernot et Ad\u00e8le Sutre, Mondes tsiganes: une histoire photographique 1860-1980 (Paris: Actes Sud, 2018). Abraham Dorel, B\u0103descu, Ilie, Chelcea, Septimiu,\u00a0Interethnic Relations in Romania: Sociological Diagnosis and Evaluation of Tendencies,\u00a0Editura Carpatica, Cluj-Napoca, 1995. Achim, Venera, Tomi, Raluca, (ed.), Documente de arhiv\u0103 privind robia \u021biganilor Epoca dezrobirii [Archival documents regarding the Roma slavery. The [&hellip;]<\/p>\n","protected":false},"author":1,"featured_media":0,"parent":0,"menu_order":0,"comment_status":"closed","ping_status":"closed","template":"","meta":[],"_links":{"self":[{"href":"https:\/\/roma-ovt.ro\/en\/wp-json\/wp\/v2\/pages\/3613"}],"collection":[{"href":"https:\/\/roma-ovt.ro\/en\/wp-json\/wp\/v2\/pages"}],"about":[{"href":"https:\/\/roma-ovt.ro\/en\/wp-json\/wp\/v2\/types\/page"}],"author":[{"embeddable":true,"href":"https:\/\/roma-ovt.ro\/en\/wp-json\/wp\/v2\/users\/1"}],"replies":[{"embeddable":true,"href":"https:\/\/roma-ovt.ro\/en\/wp-json\/wp\/v2\/comments?post=3613"}],"version-history":[{"count":83,"href":"https:\/\/roma-ovt.ro\/en\/wp-json\/wp\/v2\/pages\/3613\/revisions"}],"predecessor-version":[{"id":3958,"href":"https:\/\/roma-ovt.ro\/en\/wp-json\/wp\/v2\/pages\/3613\/revisions\/3958"}],"wp:attachment":[{"href":"https:\/\/roma-ovt.ro\/en\/wp-json\/wp\/v2\/media?parent=3613"}],"curies":[{"name":"wp","href":"https:\/\/api.w.org\/{rel}","templated":true}]}}