{"id":3556,"date":"2018-04-20T13:01:52","date_gmt":"2018-04-20T13:01:52","guid":{"rendered":"http:\/\/roma-ovt.ro\/?page_id=3556"},"modified":"2018-04-21T20:10:00","modified_gmt":"2018-04-21T20:10:00","slug":"documente","status":"publish","type":"page","link":"https:\/\/roma-ovt.ro\/en\/documente\/","title":{"rendered":"Documents"},"content":{"rendered":"<p>[vc_row][vc_column width=&#8221;1\/3&#8243;][vc_hoverbox image=&#8221;3571&#8243; primary_title=&#8221;Hrisov de la Alexandru Moruzi &#8221; hover_title=&#8221;&#8221; hover_btn_title=&#8221;Descarca&#8221; hover_add_button=&#8221;true&#8221; hover_btn_link=&#8221;url:http%3A%2F%2Faleph23.biblacad.ro%3A8991%2Fexlibris%2Faleph%2Fa23_1%2Fapache_media%2FHDHKRRXTTE64FVCPDY9KU4LYVY1GIV.jpg||target:%20_blank|&#8221;]<em>Hrisov <\/em>de la Alexandru Moruzi vv., domnul Moldovei, prin care \u00eemputernice\u015fte pe un arm\u0103\u015fel s\u0103-i duc\u0103 un \u0163igan lui Mihai Gane, s\u0103rdar; 1802 decembrie 10<\/p>\n<p><a href=\"https:\/\/www.europeana.eu\/portal\/en\/record\/2048015\/Athena_Plus_ProvidedCHO_Biblioteca_Academiei_Rom_ne_Doc__Ist_X_74.html?q=%C8%9Bigan\" target=\"_blank\" rel=\"noopener\">Sursa Europeana.eu<\/a>[\/vc_hoverbox][\/vc_column][vc_column width=&#8221;1\/3&#8243;][vc_hoverbox image=&#8221;3571&#8243; primary_title=&#8221;Cartea Alexandru Constantin Moruzi &#8221; hover_title=&#8221;&#8221; hover_btn_title=&#8221;Descarca&#8221; hover_add_button=&#8221;true&#8221; hover_btn_link=&#8221;url:http%3A%2F%2Faleph23.biblacad.ro%3A8991%2Fexlibris%2Faleph%2Fa23_1%2Fapache_media%2FERY7U8BCGG89RH5MG1T25XYGXT1DJG.jpg||target:%20_blank|&#8221;]<em>Cartea <\/em>prin care Alexandru Constantin Moruzi vv., domnul Moldovei, volnice\u015fte un arm\u0103\u015fel s\u0103 mearg\u0103 \u00een satul Sc\u0103nteia, pentru un \u0163igan care trebuie dus la casa medelniceresei Iliana Boldescu; 1805 ianuarie 17 <em>Cartea <\/em>prin care Alexandru Constantin Moruzi vv., domnul Moldovei, volnice\u015fte un arm\u0103\u015fel s\u0103 mearg\u0103 \u00een satul Sc\u0103nteia, pentru un \u0163igan care trebuie dus la casa medelniceresei Iliana Boldescu; 1805 ianuarie 17<\/p>\n<p><a href=\"https:\/\/www.europeana.eu\/portal\/en\/record\/2048015\/Athena_Plus_ProvidedCHO_Biblioteca_Academiei_Rom_ne_Doc__Ist__CIV_145.html?q=%C8%9Bigan\" target=\"_blank\" rel=\"noopener\">Sursa Europeana.eu<\/a>[\/vc_hoverbox][\/vc_column][vc_column width=&#8221;1\/3&#8243;][vc_hoverbox image=&#8221;3571&#8243; primary_title=&#8221;Hrisov de la Scarlat Callimachi&#8221; hover_title=&#8221;&#8221; hover_btn_title=&#8221;Descarca&#8221; hover_add_button=&#8221;true&#8221; hover_btn_link=&#8221;url:https%3A%2F%2Fwww.europeana.eu%2Fportal%2Fen%2Frecord%2F2048015%2FAthena_Plus_ProvidedCHO_Biblioteca_Academiei_Rom_ne_Doc__Ist_X_185.html%3Fq%3D%C8%9Bigan||target:%20_blank|&#8221;]<em>Hrisov <\/em>de la Scarlat Callimachi vv., domnul Moldovei, prin care or\u00e2nduie\u015fte un arm\u0103\u015fel s\u0103 mearg\u0103 la Tutova pentru a g\u0103si un \u0163igan al lui Gheorghe Hermeziu, c\u0103minar; 1815 mai 5.<\/p>\n<p><a href=\"https:\/\/www.europeana.eu\/portal\/en\/record\/2048015\/Athena_Plus_ProvidedCHO_Biblioteca_Academiei_Rom_ne_Doc__Ist_X_185.html?q=%C8%9Bigan\" target=\"_blank\" rel=\"noopener\">Sursa Europeana.eu<\/a>[\/vc_hoverbox][\/vc_column][\/vc_row][vc_row][vc_column][vc_column_text][\/vc_column_text][\/vc_column][\/vc_row][vc_row][vc_column width=&#8221;1\/3&#8243;][vc_hoverbox image=&#8221;3571&#8243; primary_title=&#8221;Hrisov Constantin Alexandru Ipsilanti &#8221; hover_title=&#8221;&#8221; hover_btn_title=&#8221;Descarca&#8221; hover_add_button=&#8221;true&#8221; hover_btn_link=&#8221;url:http%3A%2F%2Faleph23.biblacad.ro%3A8991%2Fexlibris%2Faleph%2Fa23_1%2Fapache_media%2FEKLHA329JY63T58LM5536IMCE12P38.jpg||target:%20_blank|&#8221;]<em>Hrisov <\/em>prin care Constantin Alexandru Ipsilanti vv., domnul Moldovei, volnice\u015fte un arm\u0103\u015fel s\u0103 caute \u015fi s\u0103 aduc\u0103 un \u0163igan al lui Adamache Ioan, negustor din Ia\u015fi; 1801 februarie 10<\/p>\n<p><a href=\"https:\/\/www.europeana.eu\/portal\/en\/record\/2048015\/Athena_Plus_ProvidedCHO_Biblioteca_Academiei_Rom_ne_Doc__Ist__CLVIII_130.html?q=%C8%9Bigan\" target=\"_blank\" rel=\"noopener\">Sursa Europeana.eu<\/a>[\/vc_hoverbox][\/vc_column][vc_column width=&#8221;1\/3&#8243;][vc_hoverbox image=&#8221;3571&#8243; primary_title=&#8221;Hrisov Constantin Alexandru Ipsilanti &#8221; hover_title=&#8221;&#8221; hover_btn_title=&#8221;Descarca&#8221; hover_add_button=&#8221;true&#8221; hover_btn_link=&#8221;url:http%3A%2F%2Faleph23.biblacad.ro%3A8991%2Fexlibris%2Faleph%2Fa23_1%2Fapache_media%2F48QFVTPAIGYA15K7YNDIGJBGTIYLL9.jpg||target:%20_blank|&#8221;]<em>Hrisov <\/em>prin care Constantin Alexandru Ipsilanti vv., domnul Moldovei, volnice\u015fte un arm\u0103\u015fel s\u0103 ia din \u0163inutul Putnei, un \u0163igan al jicnicerului Toma Stamatiu; 1800 decembrie 10<\/p>\n<p><a href=\"https:\/\/www.europeana.eu\/portal\/en\/record\/2048015\/Athena_Plus_ProvidedCHO_Biblioteca_Academiei_Rom_ne_Doc__Ist__CLVIII_126.html?q=%C8%9Bigan\" target=\"_blank\" rel=\"noopener\">Sursa Europeana.eu<\/a>[\/vc_hoverbox][\/vc_column][vc_column width=&#8221;1\/3&#8243;][vc_hoverbox image=&#8221;3571&#8243; primary_title=&#8221;Hrisov Alexandru Su\u0163u&#8221; hover_title=&#8221;&#8221; hover_btn_title=&#8221;Descarca&#8221; hover_add_button=&#8221;true&#8221; hover_btn_link=&#8221;url:http%3A%2F%2Faleph23.biblacad.ro%3A8991%2Fexlibris%2Faleph%2Fa23_1%2Fapache_media%2FCJ9CYKFE4KIHU2EAFKTPHYATMN47VB.jpg||target:%20_blank|&#8221;]<em>Hrisov <\/em>prin care Alexandru Su\u0163u vv., domnul \u0162\u0103rii Rom\u00e2ne\u015fti, arat\u0103 birul ce trebuie achitat de Oprea, fiul lui Tudor B\u0103l\u0163atul, \u0163igan domnesc, aurar la M-rea Cozia; 1819. WALLACHIA<\/p>\n<p><a href=\"https:\/\/www.europeana.eu\/portal\/en\/record\/2048015\/Athena_Plus_ProvidedCHO_Biblioteca_Academiei_Rom_ne_Doc__Ist__XXXV_9.html?q=%C8%9Bigan\" target=\"_blank\" rel=\"noopener\">Sursa Europeana.eu<\/a>[\/vc_hoverbox][\/vc_column][\/vc_row][vc_row][vc_column][vc_column_text][\/vc_column_text][\/vc_column][\/vc_row][vc_row][vc_column width=&#8221;1\/3&#8243;][vc_hoverbox image=&#8221;3571&#8243; primary_title=&#8221;Porunca Mihail Constantin Su\u0163u&#8221; hover_title=&#8221;&#8221; hover_btn_title=&#8221;Descarca&#8221; hover_add_button=&#8221;true&#8221; hover_btn_link=&#8221;url:http%3A%2F%2Faleph23.biblacad.ro%3A8991%2Fexlibris%2Faleph%2Fa23_1%2Fapache_media%2F5KPJUF5FUY8RQQMD4Y68F8APQRPU5N.jpg||target:%20_blank|&#8221;]<em>Porunca <\/em>dat\u0103 de Mihail Constantin Su\u0163u vv., domnul \u0162\u0103rii Rom\u00e2ne\u015fti, la jalba lui Matei Berindei \u00een pricina unui \u0163igan al schitului Didesci din jud. Teleorman; 1802 aprilie 1, WALLACHIA<\/p>\n<p><a href=\"https:\/\/www.europeana.eu\/portal\/en\/record\/2048015\/Athena_Plus_ProvidedCHO_Biblioteca_Academiei_Rom_ne_Doc__Ist__LXXXVII_24.html?q=%C8%9Bigan\" target=\"_blank\" rel=\"noopener\">Sursa Europeana.eu<\/a>[\/vc_hoverbox][\/vc_column][vc_column width=&#8221;1\/3&#8243;][vc_hoverbox image=&#8221;3571&#8243; primary_title=&#8221;Zapis \u015etefan R\u0103\u015fcanu&#8221; hover_title=&#8221;&#8221; hover_btn_title=&#8221;Descarca&#8221; hover_add_button=&#8221;true&#8221; hover_btn_link=&#8221;url:http%3A%2F%2Faleph23.biblacad.ro%3A8991%2Fexlibris%2Faleph%2Fa23_1%2Fapache_media%2FMTGL12S66T1CCM43AGB28DSAGUYF9E.jpg||target:%20_blank|&#8221;]<em>Zapis <\/em>prin care \u015etefan R\u0103\u015fcanu, fost mare comis, face cunoscut schimbul unui \u0163igan al lui Ilie Roset , fost mare comis; 1817 octombrie 31. MOLDOVA<\/p>\n<p><a href=\"https:\/\/www.europeana.eu\/portal\/en\/record\/2048015\/Athena_Plus_ProvidedCHO_Biblioteca_Academiei_Rom_ne_Doc__Ist__XXIII_39.html?q=%C8%9Bigan\" target=\"_blank\" rel=\"noopener\">Sursa Europeana.eu<\/a>[\/vc_hoverbox][\/vc_column][vc_column width=&#8221;1\/3&#8243;][vc_hoverbox image=&#8221;3571&#8243; primary_title=&#8221;Zapisul lui Manolache Cre\u0163ulescu&#8221; hover_title=&#8221;&#8221; hover_btn_title=&#8221;Descarca&#8221; hover_add_button=&#8221;true&#8221; hover_btn_link=&#8221;url:http%3A%2F%2Faleph23.biblacad.ro%3A8991%2Fexlibris%2Faleph%2Fa23_1%2Fapache_media%2F6RBGNA4NCH39UG67DA1TUMGSL4F77E.jpg||target:%20_blank|&#8221;]<em>Zapisul <\/em>lui Manolache Cre\u0163ulescu, fost mare ban, prin care d\u0103 o fat\u0103 \u0163igan M\u0103n\u0103stirii sale Cre\u0163ule\u015fti \u00een schimbul alteia de la mo\u015fia Brazi; 1807 iulie 30 \u00a0WALLACHIA<\/p>\n<p><a href=\"https:\/\/www.europeana.eu\/portal\/en\/record\/2048015\/Athena_Plus_ProvidedCHO_Biblioteca_Academiei_Rom_ne_Doc__Ist__DXCIV_142.html?q=%C8%9Bigan\" target=\"_blank\" rel=\"noopener\">Sursa Europeana.eu<\/a>[\/vc_hoverbox][\/vc_column][\/vc_row]<\/p>\n","protected":false},"excerpt":{"rendered":"<p>[vc_row][vc_column width=&#8221;1\/3&#8243;][vc_hoverbox image=&#8221;3571&#8243; primary_title=&#8221;Hrisov de la Alexandru Moruzi &#8221; hover_title=&#8221;&#8221; hover_btn_title=&#8221;Descarca&#8221; hover_add_button=&#8221;true&#8221; hover_btn_link=&#8221;url:http%3A%2F%2Faleph23.biblacad.ro%3A8991%2Fexlibris%2Faleph%2Fa23_1%2Fapache_media%2FHDHKRRXTTE64FVCPDY9KU4LYVY1GIV.jpg||target:%20_blank|&#8221;]Hrisov de la Alexandru Moruzi vv., domnul Moldovei, prin care \u00eemputernice\u015fte pe un arm\u0103\u015fel s\u0103-i duc\u0103 un \u0163igan lui Mihai Gane, s\u0103rdar; 1802 decembrie 10 Sursa Europeana.eu[\/vc_hoverbox][\/vc_column][vc_column width=&#8221;1\/3&#8243;][vc_hoverbox image=&#8221;3571&#8243; primary_title=&#8221;Cartea Alexandru Constantin Moruzi &#8221; hover_title=&#8221;&#8221; hover_btn_title=&#8221;Descarca&#8221; hover_add_button=&#8221;true&#8221; hover_btn_link=&#8221;url:http%3A%2F%2Faleph23.biblacad.ro%3A8991%2Fexlibris%2Faleph%2Fa23_1%2Fapache_media%2FERY7U8BCGG89RH5MG1T25XYGXT1DJG.jpg||target:%20_blank|&#8221;]Cartea prin care Alexandru Constantin Moruzi [&hellip;]<\/p>\n","protected":false},"author":1,"featured_media":0,"parent":0,"menu_order":0,"comment_status":"closed","ping_status":"closed","template":"","meta":[],"_links":{"self":[{"href":"https:\/\/roma-ovt.ro\/en\/wp-json\/wp\/v2\/pages\/3556"}],"collection":[{"href":"https:\/\/roma-ovt.ro\/en\/wp-json\/wp\/v2\/pages"}],"about":[{"href":"https:\/\/roma-ovt.ro\/en\/wp-json\/wp\/v2\/types\/page"}],"author":[{"embeddable":true,"href":"https:\/\/roma-ovt.ro\/en\/wp-json\/wp\/v2\/users\/1"}],"replies":[{"embeddable":true,"href":"https:\/\/roma-ovt.ro\/en\/wp-json\/wp\/v2\/comments?post=3556"}],"version-history":[{"count":20,"href":"https:\/\/roma-ovt.ro\/en\/wp-json\/wp\/v2\/pages\/3556\/revisions"}],"predecessor-version":[{"id":3619,"href":"https:\/\/roma-ovt.ro\/en\/wp-json\/wp\/v2\/pages\/3556\/revisions\/3619"}],"wp:attachment":[{"href":"https:\/\/roma-ovt.ro\/en\/wp-json\/wp\/v2\/media?parent=3556"}],"curies":[{"name":"wp","href":"https:\/\/api.w.org\/{rel}","templated":true}]}}