{"id":3547,"date":"2018-04-20T12:33:04","date_gmt":"2018-04-20T12:33:04","guid":{"rendered":"http:\/\/roma-ovt.ro\/?page_id=3547"},"modified":"2018-04-26T18:12:19","modified_gmt":"2018-04-26T18:12:19","slug":"roma-art","status":"publish","type":"page","link":"https:\/\/roma-ovt.ro\/en\/roma-art\/","title":{"rendered":"Roma Art"},"content":{"rendered":"<p>[vc_row][vc_column][vc_column_text]<\/p>\n<h3><b>Roma art &#8211; self representation.<\/b><\/h3>\n<div>In what concerns the self-representation of the Roma in Romania there are three important moments: the inter-war period, when a Roma identity begun to be imagined, the 1970s when this identity is institutionalized and the period post 1990 when appear more clearly distinct Roma artistic voices. Contemporary Roma art appeared only in the 1980s, until then being rather an &#8220;art about the Gypsy&#8221;, in 1985 being organized the first world Roma art exhibition in Paris, and in 2007 was organized the first Roma art pavilion at the Venice Biennial and recently were created the European Roma Initiative and the European Roma Institute for Arts and Culture (ERIAC).<\/div>\n<p>[\/vc_column_text][\/vc_column][\/vc_row][vc_row][vc_column]    <div class=\"un-heading un-heading-heading_9492 \" data-delay=0>\r\n    \t<div class=\"un-heading-wrap\">\r\n            <span class=\"un-heading-line un-heading-before\"><span><\/span><\/span>\r\n                            <span class='btn btn-default btn-lg btn-lighter un-heading-content'>\r\n                            Roma ART                            <\/span>\r\n                        <span class=\"un-heading-line un-heading-after\"><span><\/span><\/span>\r\n        <\/div>\r\n        <div class=\"clearfix\"><\/div>\r\n    <\/div>\r\n    [\/vc_column][\/vc_row][vc_row][vc_column width=&#8221;1\/4&#8243;][vc_hoverbox image=&#8221;3548&#8243; primary_title=&#8221;Matei Bejenaru&#8221; hover_title=&#8221;Matei Bejenaru&#8221; hover_btn_title=&#8221;Visit&#8221; hover_btn_color=&#8221;chino&#8221; hover_add_button=&#8221;true&#8221; hover_btn_link=&#8221;url:http%3A%2F%2Fwww.mateibejenaru.net%2Fave_ro.html||target:%20_blank|&#8221;]Salut \/ Ave Bachtalo (2002)[\/vc_hoverbox][\/vc_column][vc_column width=&#8221;1\/4&#8243;][vc_hoverbox image=&#8221;3549&#8243; primary_title=&#8221;Proiectul Urban Roma&#8221; hover_title=&#8221;Proiectul Urban Roma&#8221; hover_btn_title=&#8221;Visit&#8221; hover_btn_color=&#8221;chino&#8221; hover_add_button=&#8221;true&#8221; hover_btn_link=&#8221;url:https%3A%2F%2Furbanroma.wordpress.com%2Fabout%2F||target:%20_blank|&#8221;][\/vc_hoverbox][\/vc_column][vc_column width=&#8221;1\/4&#8243;][vc_hoverbox image=&#8221;3550&#8243; primary_title=&#8221;Moldova mea &#8211; Holocaustul romilor&#8221; hover_title=&#8221;Moldova mea &#8211; Holocaustul romilor&#8221; hover_btn_title=&#8221;Visit&#8221; hover_btn_color=&#8221;chino&#8221; hover_add_button=&#8221;true&#8221; hover_btn_link=&#8221;url:https%3A%2F%2Fwww.europalibera.org%2Fa%2F27418494.html%236||target:%20_blank|&#8221;][\/vc_hoverbox][\/vc_column][vc_column width=&#8221;1\/4&#8243;][vc_hoverbox image=&#8221;3775&#8243; primary_title=&#8221;&#8221; hover_title=&#8221;Roma Body Politics&#8221; hover_btn_title=&#8221;Visit&#8221; hover_btn_color=&#8221;chino&#8221; hover_add_button=&#8221;true&#8221; hover_btn_link=&#8221;url:http%3A%2F%2Fgallery8.org%2Fromabody||target:%20_blank|&#8221;][\/vc_hoverbox][\/vc_column][\/vc_row][vc_row][vc_column width=&#8221;1\/4&#8243;][vc_hoverbox image=&#8221;3776&#8243; primary_title=&#8221;&#8221; hover_title=&#8221;Chad Evans Wyatt, RomaRising&#8221; hover_btn_title=&#8221;Visit&#8221; hover_btn_color=&#8221;chino&#8221; hover_add_button=&#8221;true&#8221; hover_btn_link=&#8221;url:http%3A%2F%2Fwww.romarising.com%2Fcategory%2Fro%2F||target:%20_blank|&#8221;][\/vc_hoverbox][\/vc_column][vc_column width=&#8221;1\/4&#8243;][vc_hoverbox image=&#8221;3777&#8243; primary_title=&#8221;&#8221; hover_title=&#8221;Lucy Orta, Mapping the Invisible: EU-Roma Gypsies (2010&#8243; hover_btn_title=&#8221;Visit&#8221; hover_btn_color=&#8221;chino&#8221; hover_add_button=&#8221;true&#8221; hover_btn_link=&#8221;url:https%3A%2F%2Fwww.domusweb.it%2Fen%2Fart%2F2010%2F06%2F28%2F-mapping-the-invisible-eu-roma-gypsies.html||target:%20_blank|&#8221;][\/vc_hoverbox][\/vc_column][vc_column width=&#8221;1\/4&#8243;][vc_hoverbox image=&#8221;3778&#8243; primary_title=&#8221;&#8221; hover_title=&#8221;George Vasilescu, Robii lui Dumnezeu. 500 de ani de sclavie\/God&#8217;s slaves. 500 years of slavery (2015)&#8221; hover_btn_title=&#8221;Visit&#8221; hover_btn_color=&#8221;chino&#8221; hover_add_button=&#8221;true&#8221; hover_btn_link=&#8221;url:https%3A%2F%2Fwww.feeder.ro%2F2015%2F11%2F12%2Frobii-lui-dumnezeu%2F||target:%20_blank|&#8221;][\/vc_hoverbox][\/vc_column][vc_column width=&#8221;1\/4&#8243;][vc_hoverbox image=&#8221;3779&#8243; primary_title=&#8221;&#8221; hover_title=&#8221;Florin Andreescu, Flashback&#8221; hover_btn_title=&#8221;Visit&#8221; hover_btn_color=&#8221;chino&#8221; hover_add_button=&#8221;true&#8221; hover_btn_link=&#8221;url:http%3A%2F%2Fwww.adlibri.ro%2Feditura%2Fflashback-161.html||target:%20_blank|&#8221;][\/vc_hoverbox][\/vc_column][\/vc_row][vc_row][vc_column width=&#8221;1\/4&#8243;][vc_hoverbox image=&#8221;3781&#8243; primary_title=&#8221;&#8221; hover_title=&#8221;Josef Koudelka, Romania Gypsy (1968)&#8221; hover_btn_title=&#8221;Visit&#8221; hover_btn_color=&#8221;chino&#8221; hover_add_button=&#8221;true&#8221; hover_btn_link=&#8221;url:http%3A%2F%2Fpro.magnumphotos.com%2FCatalogue%2FJosef-Koudelka%2F1968%2FROMANIA-NN140700.html||target:%20_blank|&#8221;][\/vc_hoverbox][\/vc_column][vc_column width=&#8221;1\/4&#8243;][vc_hoverbox image=&#8221;3782&#8243; primary_title=&#8221;&#8221; hover_title=&#8221;Bruno Barbey, Rom\u00e2nia (1992)&#8221; hover_btn_title=&#8221;Visit&#8221; hover_btn_color=&#8221;chino&#8221; hover_add_button=&#8221;true&#8221; hover_btn_link=&#8221;url:https%3A%2F%2Fpro.magnumphotos.com%2FC.aspx%3FVP3%3DSearchResult%26ALID%3D2TYRYDDOTEU||target:%20_blank|&#8221;][\/vc_hoverbox][\/vc_column][vc_column width=&#8221;1\/4&#8243;][vc_hoverbox image=&#8221;3783&#8243; primary_title=&#8221;&#8221; hover_title=&#8221;Kasa Bela, Muzicieni din Transilvania&#8221; hover_btn_title=&#8221;Visit&#8221; hover_btn_color=&#8221;chino&#8221; hover_add_button=&#8221;true&#8221; hover_btn_link=&#8221;url:http%3A%2F%2Fmagyar.org%2Fkasa-bela-photography%2Fnggallery%2Fthumbnails||target:%20_blank|&#8221;][\/vc_hoverbox][\/vc_column][vc_column width=&#8221;1\/4&#8243;][vc_hoverbox image=&#8221;3784&#8243; primary_title=&#8221;&#8221; hover_title=&#8221;Joakim Eskildsen, C\u0103l\u0103torii rome (2000-2006)&#8221; hover_btn_title=&#8221;Visit&#8221; hover_btn_color=&#8221;chino&#8221; hover_add_button=&#8221;true&#8221; hover_btn_link=&#8221;url:http%3A%2F%2Fwww.joakimeskildsen.com%2Fdefault.asp%3FAction%3DMenu%26Item%3D102||target:%20_blank|&#8221;][\/vc_hoverbox][\/vc_column][\/vc_row][vc_row][vc_column width=&#8221;1\/4&#8243;][vc_hoverbox image=&#8221;3785&#8243; primary_title=&#8221;&#8221; hover_title=&#8221;Tamas Dezso, Note pentru un epilog &#8211; V\u00e2nz\u0103torii de covoare (Pojor\u00e2ta, 2012)&#8221; hover_btn_title=&#8221;Visit&#8221; hover_btn_color=&#8221;chino&#8221; hover_add_button=&#8221;true&#8221; hover_btn_link=&#8221;url:http%3A%2F%2Fwww.tamas-dezso.com%2Fwork%2F11||target:%20_blank|&#8221;][\/vc_hoverbox][\/vc_column][vc_column width=&#8221;1\/4&#8243;][vc_hoverbox primary_title=&#8221;&#8221; hover_title=&#8221;Gabor Fleck si Peter Szuhay, Cu un pas mai aproape, Altfel de imagini despre romi din Rom\u00e2nia&#8221; hover_btn_title=&#8221;Visit&#8221; hover_btn_color=&#8221;chino&#8221; hover_add_button=&#8221;true&#8221; hover_btn_link=&#8221;url:https%3A%2F%2Fissuu.com%2Fszuhay%2Fdocs%2Fcu_un_pas_mai_aproape_merged_final||target:%20_blank|&#8221;][\/vc_hoverbox][\/vc_column][vc_column width=&#8221;1\/4&#8243;][vc_hoverbox image=&#8221;3786&#8243; primary_title=&#8221;&#8221; hover_title=&#8221;Carlo Gianferro, Roma Interiors&#8221; hover_btn_title=&#8221;Visit&#8221; hover_btn_color=&#8221;chino&#8221; hover_add_button=&#8221;true&#8221; hover_btn_link=&#8221;url:http%3A%2F%2Fwww.carlogianferro.com%2Fstories%2F%23%2Fgypsyinteriors%2F||target:%20_blank|&#8221;][\/vc_hoverbox][\/vc_column][vc_column width=&#8221;1\/4&#8243;][vc_hoverbox primary_title=&#8221;&#8221; hover_title=&#8221;Roma in Romania&#8221; hover_btn_title=&#8221;Visit&#8221; hover_btn_color=&#8221;chino&#8221; hover_add_button=&#8221;true&#8221; hover_btn_link=&#8221;url:https%3A%2F%2Fwww.akeericson.com%2FWorks%2FRoma-in-Romania-2010%2F1%2Fcaption||target:%20_blank|&#8221;]Ake Ericson, Non Grata[\/vc_hoverbox][\/vc_column][\/vc_row][vc_row][vc_column width=&#8221;1\/4&#8243;][vc_hoverbox image=&#8221;3542&#8243; primary_title=&#8221;&#8221; hover_title=&#8221;RomArchive&#8221; hover_btn_title=&#8221;Visit&#8221; hover_btn_color=&#8221;chino&#8221; hover_add_button=&#8221;true&#8221; hover_btn_link=&#8221;url:https%3A%2F%2Fblog.romarchive.eu%2F||target:%20_blank|&#8221;]the Digital Archive of the Roma[\/vc_hoverbox][\/vc_column][vc_column width=&#8221;1\/4&#8243;][vc_hoverbox image=&#8221;3913&#8243; primary_title=&#8221;&#8221; hover_title=&#8221;Hidden Sorrows Roma Stories&#8221; hover_btn_color=&#8221;chino&#8221; hover_add_button=&#8221;true&#8221; hover_btn_link=&#8221;url:https%3A%2F%2Fwww.feeder.ro%2Fevent%2Fhidden-sorrows-roma-stories%2F||target:%20_blank|&#8221;](Bucharest 2018)[\/vc_hoverbox][\/vc_column][vc_column width=&#8221;1\/4&#8243;][vc_hoverbox primary_title=&#8221;Have a look into my life Exposition d&#8217;art des Roms d&#8217;Europe&#8221; hover_title=&#8221;Have a look into my life Exposition d&#8217;art des Roms d&#8217;Europe&#8221; hover_btn_title=&#8221;Visit&#8221; hover_btn_color=&#8221;chino&#8221; hover_add_button=&#8221;true&#8221; hover_btn_link=&#8221;url:http%3A%2F%2Fwww.akademie-graz.at%2Fcms%2Fdownload.php%3FdownloadId%3D78||target:%20_blank|&#8221;][\/vc_hoverbox][\/vc_column][vc_column width=&#8221;1\/4&#8243;][vc_hoverbox image=&#8221;3914&#8243; primary_title=&#8221;&#8221; hover_title=&#8221;Calling Cards&#8221; hover_btn_title=&#8221;Visit&#8221; hover_btn_color=&#8221;chino&#8221; hover_add_button=&#8221;true&#8221; hover_btn_link=&#8221;url:http%3A%2F%2Fgallery8.org%2Fen%2Fnews%2F2%2F30%2Fcalling-cards||target:%20_blank|&#8221;](curator Alina Maria Asavei, Gallery 8, Budapest, 2013-2014)[\/vc_hoverbox][\/vc_column][\/vc_row][vc_row][vc_column][vc_empty_space]    <div class=\"un-heading un-heading-heading_5066 \" data-delay=0>\r\n    \t<div class=\"un-heading-wrap\">\r\n            <span class=\"un-heading-line un-heading-before\"><span><\/span><\/span>\r\n                            <span class='btn btn-default btn-lg btn-lighter un-heading-content'>\r\n                            Theater                            <\/span>\r\n                        <span class=\"un-heading-line un-heading-after\"><span><\/span><\/span>\r\n        <\/div>\r\n        <div class=\"clearfix\"><\/div>\r\n    <\/div>\r\n    [\/vc_column][\/vc_row][vc_row][vc_column width=&#8221;1\/4&#8243;][vc_hoverbox primary_title=&#8221;Giuvlipen, Roma Women&#8217;s Theater Company in Bucharest &#8221; hover_title=&#8221;Giuvlipen, Roma Women&#8217;s Theater Company in Bucharest &#8221; hover_btn_title=&#8221;Visit&#8221; hover_btn_color=&#8221;chino&#8221; hover_add_button=&#8221;true&#8221; hover_btn_link=&#8221;url:http%3A%2F%2Fgiuvlipen.tumblr.com||target:%20_blank|&#8221;][\/vc_hoverbox][\/vc_column][vc_column width=&#8221;1\/4&#8243;][vc_hoverbox image=&#8221;3925&#8243; primary_title=&#8221;Big Shame&#8221; hover_title=&#8221;Big Shame&#8221; hover_btn_title=&#8221;Visit&#8221; hover_btn_color=&#8221;chino&#8221; hover_add_button=&#8221;true&#8221; hover_btn_link=&#8221;url:https%3A%2F%2Fwww.teatrul-excelsior.ro%2Fmarea-rusine-pe-scena-de-la-excelsior%2F||target:%20_blank|&#8221;]Alina Serban, Teatrul Excelsior[\/vc_hoverbox][\/vc_column][vc_column width=&#8221;1\/4&#8243;][\/vc_column][vc_column width=&#8221;1\/4&#8243;][\/vc_column][\/vc_row][vc_row][vc_column][vc_empty_space]    <div class=\"un-heading un-heading-heading_5317 \" data-delay=0>\r\n    \t<div class=\"un-heading-wrap\">\r\n            <span class=\"un-heading-line un-heading-before\"><span><\/span><\/span>\r\n                            <span class='btn btn-default btn-lg btn-lighter un-heading-content'>\r\n                            Movies                            <\/span>\r\n                        <span class=\"un-heading-line un-heading-after\"><span><\/span><\/span>\r\n        <\/div>\r\n        <div class=\"clearfix\"><\/div>\r\n    <\/div>\r\n    [\/vc_column][\/vc_row][vc_row][vc_column width=&#8221;1\/4&#8243;][vc_hoverbox image=&#8221;3768&#8243; primary_title=&#8221;&#8221; hover_title=&#8221;Aferim! (Radu Jude, 2015)&#8221; hover_btn_title=&#8221;Visit&#8221; hover_btn_color=&#8221;chino&#8221; hover_add_button=&#8221;true&#8221; hover_btn_link=&#8221;url:https%3A%2F%2Fwww.imdb.com%2Ftitle%2Ftt4374460%2F||target:%20_blank|&#8221;][\/vc_hoverbox][\/vc_column][vc_column width=&#8221;1\/4&#8243;][vc_hoverbox image=&#8221;3769&#8243; primary_title=&#8221;&#8221; hover_title=&#8221;Toto \u0219i surorile lui\/Toto and his sisters (Alexander Nan\u0103u, 2014)&#8221; hover_btn_title=&#8221;Visit&#8221; hover_btn_color=&#8221;chino&#8221; hover_add_button=&#8221;true&#8221; hover_btn_link=&#8221;url:https%3A%2F%2Fwww.imdb.com%2Ftitle%2Ftt2234537%2F||target:%20_blank|&#8221;][\/vc_hoverbox][\/vc_column][vc_column width=&#8221;1\/4&#8243;][vc_hoverbox image=&#8221;3772&#8243; primary_title=&#8221;&#8221; hover_title=&#8221;Gadjo Dilo (Tony Gatlif, 1997)&#8221; hover_btn_title=&#8221;Visit&#8221; hover_btn_color=&#8221;chino&#8221; hover_add_button=&#8221;true&#8221; hover_btn_link=&#8221;url:https%3A%2F%2Fwww.imdb.com%2Ftitle%2Ftt0122082%2F||target:%20_blank|&#8221;][\/vc_hoverbox][\/vc_column][vc_column width=&#8221;1\/4&#8243;][vc_hoverbox image=&#8221;3770&#8243; primary_title=&#8221;&#8221; hover_title=&#8221;Blestemul ariciului (Dumitru Burada, 2004)&#8221; hover_btn_title=&#8221;Visit&#8221; hover_btn_color=&#8221;chino&#8221; hover_add_button=&#8221;true&#8221; hover_btn_link=&#8221;url:https%3A%2F%2Fwww.astrafilm.ro%2Fblestemul-ariciului.aspx||target:%20_blank|&#8221;][\/vc_hoverbox][\/vc_column][\/vc_row][vc_row][vc_column width=&#8221;1\/4&#8243;][vc_hoverbox image=&#8221;3771&#8243; primary_title=&#8221;&#8221; hover_title=&#8221;Mamaliga te asteapta (Laurentiu Calciu, 2004)&#8221; hover_btn_title=&#8221;Visit&#8221; hover_btn_color=&#8221;chino&#8221; hover_add_button=&#8221;true&#8221; hover_btn_link=&#8221;url:https%3A%2F%2Fdocumentare.rightbe.com%2Fdocumentare-interesante%2Fmamaliga-te-asteapta-documentar-romanesc||target:%20_blank|&#8221;][\/vc_hoverbox][\/vc_column][vc_column width=&#8221;1\/4&#8243;][\/vc_column][vc_column width=&#8221;1\/4&#8243;][\/vc_column][vc_column width=&#8221;1\/4&#8243;][\/vc_column][\/vc_row][vc_row][vc_column][vc_empty_space][\/vc_column][\/vc_row][vc_row][vc_column width=&#8221;1\/2&#8243;][vc_video link=&#8221;https:\/\/vimeo.com\/37949849&#8243; title=&#8221;Stella (Vanina Vignal, 2007)&#8221;][\/vc_column][vc_column width=&#8221;1\/2&#8243;][vc_video link=&#8221;https:\/\/vimeo.com\/127812607&#8243; title=&#8221;La bougie n&#8217;est pas faite de cire mais de flammes (Marion Gervais, 2008) &#8220;][\/vc_column][\/vc_row][vc_row][vc_column width=&#8221;1\/2&#8243;][vc_video link=&#8221;https:\/\/www.youtube.com\/watch?v=0GxIwFTYvcU&#8221; title=&#8221;\u0218coala noastr\u0103\/Our school (Mona Nicoar\u0103, Miruna Coca-Cozma, 2011)&#8221;][\/vc_column][vc_column width=&#8221;1\/2&#8243;][vc_video link=&#8221;https:\/\/www.youtube.com\/watch?v=c7yCIjDDYAw&#8221; title=&#8221;Groapa de gunoi (Andrei Schwartz, 1997)&#8221;][\/vc_column][\/vc_row]<\/p>","protected":false},"excerpt":{"rendered":"<p>[vc_row][vc_column][vc_column_text] Roma art &#8211; self representation. In what concerns the self-representation of the Roma in Romania there are three important moments: the inter-war period, when a Roma identity begun to be imagined, the 1970s when this identity is institutionalized and the period post 1990 when appear more clearly distinct Roma artistic voices. Contemporary Roma art [&hellip;]<\/p>\n","protected":false},"author":1,"featured_media":0,"parent":0,"menu_order":0,"comment_status":"closed","ping_status":"closed","template":"","meta":[],"_links":{"self":[{"href":"https:\/\/roma-ovt.ro\/en\/wp-json\/wp\/v2\/pages\/3547"}],"collection":[{"href":"https:\/\/roma-ovt.ro\/en\/wp-json\/wp\/v2\/pages"}],"about":[{"href":"https:\/\/roma-ovt.ro\/en\/wp-json\/wp\/v2\/types\/page"}],"author":[{"embeddable":true,"href":"https:\/\/roma-ovt.ro\/en\/wp-json\/wp\/v2\/users\/1"}],"replies":[{"embeddable":true,"href":"https:\/\/roma-ovt.ro\/en\/wp-json\/wp\/v2\/comments?post=3547"}],"version-history":[{"count":25,"href":"https:\/\/roma-ovt.ro\/en\/wp-json\/wp\/v2\/pages\/3547\/revisions"}],"predecessor-version":[{"id":3977,"href":"https:\/\/roma-ovt.ro\/en\/wp-json\/wp\/v2\/pages\/3547\/revisions\/3977"}],"wp:attachment":[{"href":"https:\/\/roma-ovt.ro\/en\/wp-json\/wp\/v2\/media?parent=3547"}],"curies":[{"name":"wp","href":"https:\/\/api.w.org\/{rel}","templated":true}]}}